{"id":239,"date":"2021-05-15T17:21:34","date_gmt":"2021-05-15T17:21:34","guid":{"rendered":"http:\/\/berliner-tanzpaedagogen.de\/?page_id=53"},"modified":"2025-11-10T11:45:07","modified_gmt":"2025-11-10T11:45:07","slug":"jugend-tanzt","status":"publish","type":"page","link":"https:\/\/www.tanzpaedagogen-berlin.de\/index.php\/jugend-tanzt\/","title":{"rendered":"Jugend Tanzt"},"content":{"rendered":"\n<p>Landeswettbewerb<br><strong>JUGEND TANZT Berlin<br><\/strong>am <strong>17.01.2026<\/strong> im <strong>B\u00fcrgerhaus Neuenhagen<\/strong> (Hauptstra\u00dfe 2, 15366 Neuenhagen bei Berlin)<\/p>\n\n\n\n<p><\/p>\n\n\n<p>&nbsp;<\/p>\n<p style=\"text-align: left;\"><em>Tanz steht f\u00fcr Lebensfreude, Ausdruck der Gef\u00fchle, Lust an Bewegung und Verschmelzen mit der Musik. Kinder und Jugendliche \u00fcber Tanz zu f\u00f6rdern, zu st\u00e4rken und ihnen kulturelle Kompetenzen zu vermitteln, ist das Anliegen dieses Wettbewerbs.<\/em><\/p>\n<section class=\"ce_accordion block\">JUGEND TANZT ist ein Wettbewerb des Deutschen Bundesverbandes Tanz (DBT) e.V. in Zusammenarbeit mit seinem Landesverb\u00e4nden und Institutionen.\u00a0<\/section>\n<section>Veranstalter des Wettbewerbs f\u00fcr Berlin ist der Landesverband f\u00fcr Tanz und Tanzp\u00e4dagogik Berlin (LTTB) e.V.\u00a0<\/section>\n<section>Die Bewertung der Beitr\u00e4ge und die Delegierung zum Bundeswettbewerb erfolgt durch eine professionelle Jury.<\/section>\n<section class=\"ce_accordion block\">Der Bundeswettbewerb JUGEND TANZT findet vom 14.-16. Mai 2026 in Paderborn statt.<\/section>\n<section class=\"ce_accordion block\"><strong><strong><br \/>Landeswettbewerb f\u00fcr Berlin und Umgebung\u00a0f\u00fcr den bundesweiten Wettbewerb JUGEND TANZT<\/strong><\/strong>\u00a0<\/section>\n<div class=\"accordion\">\n<div class=\"ce_text block\">\n<div class=\"ce_text\">\n<p>Seit 2004 ist der Landesverband f\u00fcr Tanz und Tanzp\u00e4dagogik Berlin e.V. (bis 2021 als IBT e.V.) Veranstalter des Landeswettbewerbes JUGEND TANZT f\u00fcr Berlin und Umgebung.<br \/>Der Wettbewerb JUGENDTANZT\u00a0wurde ins Leben gerufen, um Kindern und Jugendlichen die Chance zu geben, sich zu pr\u00e4sentieren und mit\u00a0Gleichaltrigen messen zu k\u00f6nnen. Er dient der Steigerung der Tanzqualit\u00e4t und soll Impulse f\u00fcr neue Bewegungsideen geben. Gleichzeitig bietet der Wettbewerb die M\u00f6glichkeit zur vielf\u00e4ltigen Begegnung \u00fcber die Landesgrenzen hinaus, zum gegenseitigen Austausch von Erfahrungen und Wissen, um voneinander und miteinander zu lernen. Seit Beginn des Wettbewerbs im Jahr 2004 haben bereits mehr als 6.000 Kinder und Jugendliche in den Landeswettbewerben und im Bundeswettbewerb ihr K\u00f6nnen unter Beweis gestellt und mit gro\u00dfem Erfolg und beeindruckenden Leistungen teilgenommen.<\/p>\n<p>Die\u00a0<strong>Ausschreibung<\/strong>\u00a0mit allen Informationen, das\u00a0<strong>Anmeldeformular<\/strong>\u00a0und die\u00a0<strong>Erkl\u00e4rungen zu den Kategorien<\/strong>\u00a0kann man unterhalb dieser Nachricht herunterladen.<\/p>\n<p>Bei Fragen stehen wir gern zur Verf\u00fcgung:\u00a0<a class=\"email\" href=\"mailto:kontakt@berliner-tanzpaedagogen.de\">kontakt@berliner-tanzpaedagogen.de<\/a><\/p>\n<p>Wir freuen uns auf Eure Anmeldungen!<\/p>\n<\/div>\n<p><a href=\"https:\/\/www.tanzpaedagogen-berlin.de\/wp-content\/uploads\/2025\/10\/LTTB-TN-Infos-zum-11.-LW-JUGEND-TANZT-Berlin-2026.pdf\" target=\"_blank\" rel=\"noopener\">LTTB &#8211; TN-Infos zum 11. LW JUGEND TANZT Berlin 2026<\/a><\/p>\n<p><a href=\"https:\/\/www.tanzpaedagogen-berlin.de\/wp-content\/uploads\/2025\/10\/LTTB-Anmeldebogen-inkl.-TN-Meldung-JT-Berlin-2026.pdf\" target=\"_blank\" rel=\"noopener\">LTTB &#8211; Anmeldebogen inkl. TN-Meldung JT Berlin 2026<\/a><\/p>\n<p><a href=\"https:\/\/www.tanzpaedagogen-berlin.de\/wp-content\/uploads\/2025\/10\/LTTB-JT-2026-Erklaerung-der-Gruppenleitung-TN.pdf\" target=\"_blank\" rel=\"noopener\">LTTB &#8211; JT 2026 Erkl\u00e4rung der Gruppenleitung, TN<\/a><\/p>\n<\/div>\n<\/div>","protected":false},"excerpt":{"rendered":"<p>LandeswettbewerbJUGEND TANZT Berlinam 17.01.2026 im B\u00fcrgerhaus Neuenhagen (Hauptstra\u00dfe 2, 15366 Neuenhagen bei Berlin) &nbsp; Tanz steht f\u00fcr Lebensfreude, Ausdruck der Gef\u00fchle, Lust an Bewegung und Verschmelzen mit der Musik. Kinder und Jugendliche \u00fcber Tanz zu f\u00f6rdern, zu st\u00e4rken und ihnen kulturelle Kompetenzen zu vermitteln, ist das Anliegen dieses Wettbewerbs. JUGEND TANZT ist ein Wettbewerb des &hellip; <\/p>\n<p class=\"link-more\"><a href=\"https:\/\/www.tanzpaedagogen-berlin.de\/index.php\/jugend-tanzt\/\" class=\"more-link\"><span class=\"screen-reader-text\">\u201eJugend Tanzt\u201c <\/span>weiterlesen<\/a><\/p>\n","protected":false},"author":3,"featured_media":727,"parent":0,"menu_order":0,"comment_status":"closed","ping_status":"closed","template":"","meta":{"footnotes":""},"class_list":["post-239","page","type-page","status-publish","has-post-thumbnail","hentry"],"yoast_head":"<!-- This site is optimized with the Yoast SEO plugin v27.5 - https:\/\/yoast.com\/product\/yoast-seo-wordpress\/ -->\n<title>Jugend Tanzt &#8211; Landesverband f\u00fcr Tanz und Tanzp\u00e4dagogik Berlin e.V.<\/title>\n<meta name=\"robots\" content=\"noindex, follow\" \/>\n<meta property=\"og:locale\" content=\"de_DE\" \/>\n<meta property=\"og:type\" content=\"article\" \/>\n<meta property=\"og:title\" content=\"Jugend Tanzt &#8211; Landesverband f\u00fcr Tanz und Tanzp\u00e4dagogik Berlin e.V.\" \/>\n<meta property=\"og:description\" content=\"LandeswettbewerbJUGEND TANZT Berlinam 17.01.2026 im B\u00fcrgerhaus Neuenhagen (Hauptstra\u00dfe 2, 15366 Neuenhagen bei Berlin) &nbsp; Tanz steht f\u00fcr Lebensfreude, Ausdruck der Gef\u00fchle, Lust an Bewegung und Verschmelzen mit der Musik. Kinder und Jugendliche \u00fcber Tanz zu f\u00f6rdern, zu st\u00e4rken und ihnen kulturelle Kompetenzen zu vermitteln, ist das Anliegen dieses Wettbewerbs. JUGEND TANZT ist ein Wettbewerb des &hellip; \u201eJugend Tanzt\u201c weiterlesen\" \/>\n<meta property=\"og:url\" content=\"https:\/\/www.tanzpaedagogen-berlin.de\/index.php\/jugend-tanzt\/\" \/>\n<meta property=\"og:site_name\" content=\"Landesverband f\u00fcr Tanz und Tanzp\u00e4dagogik Berlin e.V.\" \/>\n<meta property=\"article:modified_time\" content=\"2025-11-10T11:45:07+00:00\" \/>\n<meta property=\"og:image\" content=\"https:\/\/www.tanzpaedagogen-berlin.de\/wp-content\/uploads\/2025\/11\/DBT-Logo-Wettbewerb-JT_.jpg\" \/>\n\t<meta property=\"og:image:width\" content=\"1184\" \/>\n\t<meta property=\"og:image:height\" content=\"474\" \/>\n\t<meta property=\"og:image:type\" content=\"image\/jpeg\" \/>\n<meta name=\"twitter:card\" content=\"summary_large_image\" \/>\n<meta name=\"twitter:label1\" content=\"Gesch\u00e4tzte Lesezeit\" \/>\n\t<meta name=\"twitter:data1\" content=\"2\u00a0Minuten\" \/>\n<script type=\"application\/ld+json\" class=\"yoast-schema-graph\">{\"@context\":\"https:\\\/\\\/schema.org\",\"@graph\":[{\"@type\":\"WebPage\",\"@id\":\"https:\\\/\\\/www.tanzpaedagogen-berlin.de\\\/index.php\\\/jugend-tanzt\\\/\",\"url\":\"https:\\\/\\\/www.tanzpaedagogen-berlin.de\\\/index.php\\\/jugend-tanzt\\\/\",\"name\":\"Jugend Tanzt &#8211; Landesverband f\u00fcr Tanz und Tanzp\u00e4dagogik Berlin e.V.\",\"isPartOf\":{\"@id\":\"https:\\\/\\\/www.tanzpaedagogen-berlin.de\\\/#website\"},\"primaryImageOfPage\":{\"@id\":\"https:\\\/\\\/www.tanzpaedagogen-berlin.de\\\/index.php\\\/jugend-tanzt\\\/#primaryimage\"},\"image\":{\"@id\":\"https:\\\/\\\/www.tanzpaedagogen-berlin.de\\\/index.php\\\/jugend-tanzt\\\/#primaryimage\"},\"thumbnailUrl\":\"https:\\\/\\\/www.tanzpaedagogen-berlin.de\\\/wp-content\\\/uploads\\\/2025\\\/11\\\/DBT-Logo-Wettbewerb-JT_.jpg\",\"datePublished\":\"2021-05-15T17:21:34+00:00\",\"dateModified\":\"2025-11-10T11:45:07+00:00\",\"breadcrumb\":{\"@id\":\"https:\\\/\\\/www.tanzpaedagogen-berlin.de\\\/index.php\\\/jugend-tanzt\\\/#breadcrumb\"},\"inLanguage\":\"de\",\"potentialAction\":[{\"@type\":\"ReadAction\",\"target\":[\"https:\\\/\\\/www.tanzpaedagogen-berlin.de\\\/index.php\\\/jugend-tanzt\\\/\"]}]},{\"@type\":\"ImageObject\",\"inLanguage\":\"de\",\"@id\":\"https:\\\/\\\/www.tanzpaedagogen-berlin.de\\\/index.php\\\/jugend-tanzt\\\/#primaryimage\",\"url\":\"https:\\\/\\\/www.tanzpaedagogen-berlin.de\\\/wp-content\\\/uploads\\\/2025\\\/11\\\/DBT-Logo-Wettbewerb-JT_.jpg\",\"contentUrl\":\"https:\\\/\\\/www.tanzpaedagogen-berlin.de\\\/wp-content\\\/uploads\\\/2025\\\/11\\\/DBT-Logo-Wettbewerb-JT_.jpg\",\"width\":1184,\"height\":474},{\"@type\":\"BreadcrumbList\",\"@id\":\"https:\\\/\\\/www.tanzpaedagogen-berlin.de\\\/index.php\\\/jugend-tanzt\\\/#breadcrumb\",\"itemListElement\":[{\"@type\":\"ListItem\",\"position\":1,\"name\":\"Home\",\"item\":\"https:\\\/\\\/www.tanzpaedagogen-berlin.de\\\/\"},{\"@type\":\"ListItem\",\"position\":2,\"name\":\"Jugend Tanzt\"}]},{\"@type\":\"WebSite\",\"@id\":\"https:\\\/\\\/www.tanzpaedagogen-berlin.de\\\/#website\",\"url\":\"https:\\\/\\\/www.tanzpaedagogen-berlin.de\\\/\",\"name\":\"LTTB e.V.\",\"description\":\"\",\"potentialAction\":[{\"@type\":\"SearchAction\",\"target\":{\"@type\":\"EntryPoint\",\"urlTemplate\":\"https:\\\/\\\/www.tanzpaedagogen-berlin.de\\\/?s={search_term_string}\"},\"query-input\":{\"@type\":\"PropertyValueSpecification\",\"valueRequired\":true,\"valueName\":\"search_term_string\"}}],\"inLanguage\":\"de\"}]}<\/script>\n<!-- \/ Yoast SEO plugin. -->","yoast_head_json":{"title":"Jugend Tanzt &#8211; Landesverband f\u00fcr Tanz und Tanzp\u00e4dagogik Berlin e.V.","robots":{"index":"noindex","follow":"follow"},"og_locale":"de_DE","og_type":"article","og_title":"Jugend Tanzt &#8211; Landesverband f\u00fcr Tanz und Tanzp\u00e4dagogik Berlin e.V.","og_description":"LandeswettbewerbJUGEND TANZT Berlinam 17.01.2026 im B\u00fcrgerhaus Neuenhagen (Hauptstra\u00dfe 2, 15366 Neuenhagen bei Berlin) &nbsp; Tanz steht f\u00fcr Lebensfreude, Ausdruck der Gef\u00fchle, Lust an Bewegung und Verschmelzen mit der Musik. Kinder und Jugendliche \u00fcber Tanz zu f\u00f6rdern, zu st\u00e4rken und ihnen kulturelle Kompetenzen zu vermitteln, ist das Anliegen dieses Wettbewerbs. JUGEND TANZT ist ein Wettbewerb des &hellip; \u201eJugend Tanzt\u201c weiterlesen","og_url":"https:\/\/www.tanzpaedagogen-berlin.de\/index.php\/jugend-tanzt\/","og_site_name":"Landesverband f\u00fcr Tanz und Tanzp\u00e4dagogik Berlin e.V.","article_modified_time":"2025-11-10T11:45:07+00:00","og_image":[{"width":1184,"height":474,"url":"https:\/\/www.tanzpaedagogen-berlin.de\/wp-content\/uploads\/2025\/11\/DBT-Logo-Wettbewerb-JT_.jpg","type":"image\/jpeg"}],"twitter_card":"summary_large_image","twitter_misc":{"Gesch\u00e4tzte Lesezeit":"2\u00a0Minuten"},"schema":{"@context":"https:\/\/schema.org","@graph":[{"@type":"WebPage","@id":"https:\/\/www.tanzpaedagogen-berlin.de\/index.php\/jugend-tanzt\/","url":"https:\/\/www.tanzpaedagogen-berlin.de\/index.php\/jugend-tanzt\/","name":"Jugend Tanzt &#8211; Landesverband f\u00fcr Tanz und Tanzp\u00e4dagogik Berlin e.V.","isPartOf":{"@id":"https:\/\/www.tanzpaedagogen-berlin.de\/#website"},"primaryImageOfPage":{"@id":"https:\/\/www.tanzpaedagogen-berlin.de\/index.php\/jugend-tanzt\/#primaryimage"},"image":{"@id":"https:\/\/www.tanzpaedagogen-berlin.de\/index.php\/jugend-tanzt\/#primaryimage"},"thumbnailUrl":"https:\/\/www.tanzpaedagogen-berlin.de\/wp-content\/uploads\/2025\/11\/DBT-Logo-Wettbewerb-JT_.jpg","datePublished":"2021-05-15T17:21:34+00:00","dateModified":"2025-11-10T11:45:07+00:00","breadcrumb":{"@id":"https:\/\/www.tanzpaedagogen-berlin.de\/index.php\/jugend-tanzt\/#breadcrumb"},"inLanguage":"de","potentialAction":[{"@type":"ReadAction","target":["https:\/\/www.tanzpaedagogen-berlin.de\/index.php\/jugend-tanzt\/"]}]},{"@type":"ImageObject","inLanguage":"de","@id":"https:\/\/www.tanzpaedagogen-berlin.de\/index.php\/jugend-tanzt\/#primaryimage","url":"https:\/\/www.tanzpaedagogen-berlin.de\/wp-content\/uploads\/2025\/11\/DBT-Logo-Wettbewerb-JT_.jpg","contentUrl":"https:\/\/www.tanzpaedagogen-berlin.de\/wp-content\/uploads\/2025\/11\/DBT-Logo-Wettbewerb-JT_.jpg","width":1184,"height":474},{"@type":"BreadcrumbList","@id":"https:\/\/www.tanzpaedagogen-berlin.de\/index.php\/jugend-tanzt\/#breadcrumb","itemListElement":[{"@type":"ListItem","position":1,"name":"Home","item":"https:\/\/www.tanzpaedagogen-berlin.de\/"},{"@type":"ListItem","position":2,"name":"Jugend Tanzt"}]},{"@type":"WebSite","@id":"https:\/\/www.tanzpaedagogen-berlin.de\/#website","url":"https:\/\/www.tanzpaedagogen-berlin.de\/","name":"LTTB e.V.","description":"","potentialAction":[{"@type":"SearchAction","target":{"@type":"EntryPoint","urlTemplate":"https:\/\/www.tanzpaedagogen-berlin.de\/?s={search_term_string}"},"query-input":{"@type":"PropertyValueSpecification","valueRequired":true,"valueName":"search_term_string"}}],"inLanguage":"de"}]}},"_links":{"self":[{"href":"https:\/\/www.tanzpaedagogen-berlin.de\/index.php\/wp-json\/wp\/v2\/pages\/239","targetHints":{"allow":["GET"]}}],"collection":[{"href":"https:\/\/www.tanzpaedagogen-berlin.de\/index.php\/wp-json\/wp\/v2\/pages"}],"about":[{"href":"https:\/\/www.tanzpaedagogen-berlin.de\/index.php\/wp-json\/wp\/v2\/types\/page"}],"author":[{"embeddable":true,"href":"https:\/\/www.tanzpaedagogen-berlin.de\/index.php\/wp-json\/wp\/v2\/users\/3"}],"replies":[{"embeddable":true,"href":"https:\/\/www.tanzpaedagogen-berlin.de\/index.php\/wp-json\/wp\/v2\/comments?post=239"}],"version-history":[{"count":6,"href":"https:\/\/www.tanzpaedagogen-berlin.de\/index.php\/wp-json\/wp\/v2\/pages\/239\/revisions"}],"predecessor-version":[{"id":730,"href":"https:\/\/www.tanzpaedagogen-berlin.de\/index.php\/wp-json\/wp\/v2\/pages\/239\/revisions\/730"}],"wp:featuredmedia":[{"embeddable":true,"href":"https:\/\/www.tanzpaedagogen-berlin.de\/index.php\/wp-json\/wp\/v2\/media\/727"}],"wp:attachment":[{"href":"https:\/\/www.tanzpaedagogen-berlin.de\/index.php\/wp-json\/wp\/v2\/media?parent=239"}],"curies":[{"name":"wp","href":"https:\/\/api.w.org\/{rel}","templated":true}]}}